{"id":54,"date":"2021-11-08T17:27:38","date_gmt":"2021-11-08T17:27:38","guid":{"rendered":"http:\/\/www.milesight.cz.uvirt113.active24.cz\/?page_id=54"},"modified":"2022-03-11T12:15:39","modified_gmt":"2022-03-11T12:15:39","slug":"domu","status":"publish","type":"page","link":"https:\/\/www.milesight.cz\/","title":{"rendered":"Dom\u016f"},"content":{"rendered":"\n<hr class=\"wp-block-separator is-style-wide\"\/>\n\n\n\n<div class=\"wp-block-columns\">\n<div class=\"wp-block-column\" style=\"flex-basis:33.33%\">\n<p>Spole\u010dnost Milesight Technology, zalo\u017een\u00e1 v roce 2011, je rychle rostouc\u00edm v\u00fdrobcem IP kamerov\u00fdch syst\u00e9m\u016f zalo\u017een\u00fdch na pou\u017eit\u00ed nejmodern\u011bj\u0161\u00edch technologi\u00ed (Artificial Intelligence AI &#8211; um\u011bl\u00e1 inteligence, Deep Learning &#8211; hlubok\u00e9 u\u010den\u00ed, atd.). D\u00edky f\u00fazi s dce\u0159inou spole\u010dnost\u00ed Milesight IoT v roce 2021 do\u0161lo k roz\u0161\u00ed\u0159en\u00ed sortimentu rovn\u011b\u017e o nejr\u016fzn\u011bj\u0161\u00ed IoT za\u0159\u00edzen\u00ed.<\/p>\n\n\n\n<figure class=\"wp-block-image size-large\"><img loading=\"lazy\" width=\"279\" height=\"286\" src=\"http:\/\/www.milesight.cz\/wp-content\/uploads\/2021\/11\/mini-new-1.png\" alt=\"\" class=\"wp-image-1164\"\/><figcaption>IP kamery Milesight<\/figcaption><\/figure>\n<\/div>\n\n\n\n<div class=\"wp-block-column\" style=\"flex-basis:66.66%\">\n<figure class=\"wp-block-embed-youtube wp-block-embed is-type-video is-provider-youtube wp-embed-aspect-16-9 wp-has-aspect-ratio\"><div class=\"wp-block-embed__wrapper\">\n<iframe title=\"Milesight IoT Company Introduction\" width=\"640\" height=\"360\" src=\"https:\/\/www.youtube.com\/embed\/H9RizEcVabY?feature=oembed\" frameborder=\"0\" allow=\"accelerometer; autoplay; clipboard-write; encrypted-media; gyroscope; picture-in-picture\" allowfullscreen><\/iframe>\n<\/div><\/figure>\n\n\n\n<p>Milesight se specializuje na n\u00e1vrh, v\u00fdvoj a v\u00fdrobu kompletn\u00edho sortimentu komponent pro s\u00ed\u0165ov\u00fd video dohled (s\u00ed\u0165ov\u00e9 kamery, NVR rekord\u00e9ry, VMS software, PoE switche atd.) a IoT za\u0159\u00edzen\u00ed (\u010didla, kontrol\u00e9ry, huby, routery atd.), kter\u00e9 se vyzna\u010duj\u00ed vysokou kvalitou, v\u00fdjime\u010dnou flexibilitou a spolehlivost\u00ed.<\/p>\n<\/div>\n<\/div>\n\n\n\n<hr class=\"wp-block-separator is-style-wide\"\/>\n\n\n<p><img loading=\"lazy\" class=\"size-medium wp-image-1155 alignright\" src=\"http:\/\/www.milesight.cz\/wp-content\/uploads\/2021\/11\/Onvif-300x83.png\" alt=\"\" width=\"300\" height=\"83\" srcset=\"https:\/\/www.milesight.cz\/wp-content\/uploads\/2021\/11\/Onvif-300x83.png 300w, https:\/\/www.milesight.cz\/wp-content\/uploads\/2021\/11\/Onvif-768x212.png 768w, https:\/\/www.milesight.cz\/wp-content\/uploads\/2021\/11\/Onvif.png 931w\" sizes=\"(max-width: 300px) 100vw, 300px\" \/>Firma Milesight je pln\u00fdm \u010dlenem plarformy Onvif, a jej\u00ed v\u00fdrobky jsou kompatibiln\u00ed s VMS software p\u0159edn\u00edch sv\u011btov\u00fdch v\u00fdrobc\u016f (Milestone, Genetec, Axxon, Nuuo, Synology atd.). Milesight je dr\u017eitelem certifik\u00e1tu \u0159\u00edzen\u00ed jakosti ISO9001 a jej\u00ed v\u00fdrobky jsou ve shod\u011b s platn\u00fdmi evropsk\u00fdmi sm\u011brnicemi a normami (CE, RoHS).<\/p>\n\n\n<hr class=\"wp-block-separator is-style-wide\"\/>\n\n\n\n<div class=\"wp-block-columns\">\n<div class=\"wp-block-column\">\n<figure class=\"wp-block-image size-full\"><a href=\"https:\/\/www.escadtrade.cz\/\" target=\"_blank\" rel=\"noopener noreferrer\"><img loading=\"lazy\" width=\"728\" height=\"133\" src=\"https:\/\/www.milesight.cz\/wp-content\/uploads\/2021\/11\/Logo-ESCAD_Trade-stinkrivkyPNG720.png\" alt=\"\" class=\"wp-image-1070\" srcset=\"https:\/\/www.milesight.cz\/wp-content\/uploads\/2021\/11\/Logo-ESCAD_Trade-stinkrivkyPNG720.png 728w, https:\/\/www.milesight.cz\/wp-content\/uploads\/2021\/11\/Logo-ESCAD_Trade-stinkrivkyPNG720-300x55.png 300w\" sizes=\"(max-width: 728px) 100vw, 728px\" \/><\/a><\/figure>\n<\/div>\n\n\n\n<div class=\"wp-block-column\">\n<p>Prost\u0159ednictv\u00edm sv\u00fdch distributor\u016f vyv\u00e1\u017e\u00ed spole\u010dnost Milesight sv\u00e9 v\u00fdrobky do v\u00edce ne\u017e 100 zem\u00ed sv\u011bta. Autorizovan\u00fdm distributorem produkt\u016f Milesight pro \u010cR je spole\u010dnost ESCAD Trade s.r.o. Kompletn\u00ed sortiment Milesight naleznete na e-shopu <a rel=\"noreferrer noopener\" href=\"https:\/\/www.escadtrade.cz\/ip-kamery-a-nvr-milesight-c318\/\" target=\"_blank\">www.escadtrade.cz<\/a>.<\/p>\n<\/div>\n<\/div>\n\n\n\n<hr class=\"wp-block-separator is-style-wide\"\/>\n\n\n\n<p><\/p>\n","protected":false},"excerpt":{"rendered":"<p>Spole\u010dnost Milesight Technology, zalo\u017een\u00e1 v roce 2011, je rychle rostouc\u00edm v\u00fdrobcem IP kamerov\u00fdch syst\u00e9m\u016f zalo\u017een\u00fdch na pou\u017eit\u00ed nejmodern\u011bj\u0161\u00edch technologi\u00ed (Artificial &hellip; <\/p>\n","protected":false},"author":1,"featured_media":1476,"parent":0,"menu_order":0,"comment_status":"closed","ping_status":"closed","template":"template-home.php","meta":[],"_links":{"self":[{"href":"https:\/\/www.milesight.cz\/index.php\/wp-json\/wp\/v2\/pages\/54"}],"collection":[{"href":"https:\/\/www.milesight.cz\/index.php\/wp-json\/wp\/v2\/pages"}],"about":[{"href":"https:\/\/www.milesight.cz\/index.php\/wp-json\/wp\/v2\/types\/page"}],"author":[{"embeddable":true,"href":"https:\/\/www.milesight.cz\/index.php\/wp-json\/wp\/v2\/users\/1"}],"replies":[{"embeddable":true,"href":"https:\/\/www.milesight.cz\/index.php\/wp-json\/wp\/v2\/comments?post=54"}],"version-history":[{"count":120,"href":"https:\/\/www.milesight.cz\/index.php\/wp-json\/wp\/v2\/pages\/54\/revisions"}],"predecessor-version":[{"id":1428,"href":"https:\/\/www.milesight.cz\/index.php\/wp-json\/wp\/v2\/pages\/54\/revisions\/1428"}],"wp:featuredmedia":[{"embeddable":true,"href":"https:\/\/www.milesight.cz\/index.php\/wp-json\/wp\/v2\/media\/1476"}],"wp:attachment":[{"href":"https:\/\/www.milesight.cz\/index.php\/wp-json\/wp\/v2\/media?parent=54"}],"curies":[{"name":"wp","href":"https:\/\/api.w.org\/{rel}","templated":true}]}}